{"id":191,"date":"2020-11-19T12:05:03","date_gmt":"2020-11-19T15:05:03","guid":{"rendered":"https:\/\/www.tdibrasil.com\/academia\/?page_id=191"},"modified":"2021-09-17T20:58:23","modified_gmt":"2021-09-17T23:58:23","slug":"i-congreso-iberoamericano-2021","status":"publish","type":"page","link":"https:\/\/www.tdibrasil.com\/academia\/eventos\/i-congreso-iberoamericano-2021\/","title":{"rendered":"I Congreso Iberoamericano de la TDI (2021)"},"content":{"rendered":"<style type=\"text\/css\">\n.dia {background-color: #203764;text-align: center;font-weight: bold;font-size: 18pt;color: #ffffff;}.palestrante {background-color: #2f62b7;text-align: center;font-weight: bold;color: #ffffff;}.area {background-color: #46485c;text-align: center;font-weight: bold;color: #ffffff;}.titulo {background-color: #111111;text-align: center;font-weight: bold;color: #ffffff;}.linha1 {background-color: #f4f6f7;text-align: left;}.linha2 {background-color: #e6ebe9;text-align: left;}<\/style>\n<h4>Programaci\u00f3n de este evento:<\/h4>\n<table width=\"100%\">\n<tbody>\n<tr>\n<td class=\"dia\" colspan=\"3\">SABADO, 11\/SET\/2021<\/td>\n<\/tr>\n<tr>\n<td class=\"palestrante\" width=\"15%\">PALESTRANTE<\/td>\n<td class=\"area\" width=\"28%\">\u00c1REA<\/td>\n<td class=\"titulo\" width=\"57%\">T\u00cdTULO<\/td>\n<\/tr>\n<tr class=\"linha1\">\n<td>Felipe Aizp\u00fan<\/td>\n<td>Derecho<\/td>\n<td><a href=\"https:\/\/www.tdibrasil.com\/academia\/i-congreso-iberoamericano-2021\/ibero01\/\" target=\"_blank\" rel=\"noopener noreferrer\">La teor\u00eda del dise\u00f1o inteligente y el argumento del orden a trav\u00e9s de la historia<\/a><\/td>\n<\/tr>\n<tr class=\"linha2\">\n<td>Marcos Eberlin<\/td>\n<td>Qu\u00edmica<\/td>\n<td><a href=\"https:\/\/www.tdibrasil.com\/academia\/i-congreso-iberoamericano-2021\/ibero02\/\" target=\"_blank\" rel=\"noopener noreferrer\">El duelo cient\u00edfico del siglo: Darwin versus Behe<\/a><\/td>\n<\/tr>\n<tr class=\"linha1\">\n<td>Juan M. Torres<\/td>\n<td>Filosof\u00eda<\/td>\n<td><a href=\"https:\/\/www.tdibrasil.com\/academia\/i-congreso-iberoamericano-2021\/ibero03\/\" target=\"_blank\" rel=\"noopener noreferrer\">\u00bfEs cient\u00edfico el evolucionismo? \u00bfEs pseudocient\u00edfico el dise\u00f1o inteligente?<\/a><\/td>\n<\/tr>\n<tr class=\"linha2\">\n<td>Cristian Aguirre<\/td>\n<td>Ingenier\u00eda Electr\u00f3nica<\/td>\n<td><a href=\"https:\/\/www.tdibrasil.com\/academia\/i-congreso-iberoamericano-2021\/ibero04\/\" target=\"_blank\" rel=\"noopener noreferrer\">Indicadores de dise\u00f1o inteligente<\/a><\/td>\n<\/tr>\n<tr class=\"linha1\">\n<td>Roberto E. Biaggi<\/td>\n<td>Limnogeolog\u00eda \/ Paleontolog\u00eda<\/td>\n<td><a href=\"https:\/\/www.tdibrasil.com\/academia\/i-congreso-iberoamericano-2021\/ibero05\/\" target=\"_blank\" rel=\"noopener noreferrer\">Dise\u00f1o inteligente en los f\u00f3siles<\/a><\/td>\n<\/tr>\n<tr class=\"linha2\">\n<td>Stephen Meyer<\/td>\n<td>Filosof\u00eda de la Ciencia<\/td>\n<td><a href=\"https:\/\/www.tdibrasil.com\/academia\/i-congreso-iberoamericano-2021\/ibero06\/\" target=\"_blank\" rel=\"noopener noreferrer\">Regreso de la hip\u00f3tesis de Dios (parte 1)<\/a><\/td>\n<\/tr>\n<\/tbody>\n<\/table>\n<table width=\"100%\">\n<tbody>\n<tr>\n<td class=\"dia\" colspan=\"3\">DOMINGO, 12\/SET\/2021<\/td>\n<\/tr>\n<tr>\n<td class=\"palestrante\" width=\"15%\">PALESTRANTE<\/td>\n<td class=\"area\" width=\"28%\">\u00c1REA<\/td>\n<td class=\"titulo\" width=\"57%\">T\u00cdTULO<\/td>\n<\/tr>\n<tr class=\"linha1\">\n<td>Antonio Mart\u00ednez<\/td>\n<td>Medicina<\/td>\n<td><a href=\"https:\/\/www.tdibrasil.com\/academia\/i-congreso-iberoamericano-2021\/ibero07\/\" target=\"_blank\" rel=\"noopener noreferrer\">\u00bfPor qu\u00e9 surgi\u00f3 la teoria del dise\u00f1o inteligente?<\/a><\/td>\n<\/tr>\n<tr class=\"linha2\">\n<td>Ana M. Garz\u00f3n<\/td>\n<td>Qu\u00edmica<\/td>\n<td><a href=\"https:\/\/www.tdibrasil.com\/academia\/i-congreso-iberoamericano-2021\/ibero08\/\" target=\"_blank\" rel=\"noopener noreferrer\">Viabilidad qu\u00edmica del surgimiento de la vida desde una perspectiva naturalista<\/a><\/td>\n<\/tr>\n<tr class=\"linha1\">\n<td>Stephen Meyer<\/td>\n<td>Filosof\u00eda de la Ciencia<\/td>\n<td><a href=\"https:\/\/www.tdibrasil.com\/academia\/i-congreso-iberoamericano-2021\/ibero09\/\" target=\"_blank\" rel=\"noopener noreferrer\">Regreso de la hip\u00f3tesis de Dios (parte 2)<\/a><\/td>\n<\/tr>\n<tr class=\"linha2\">\n<td>Casey Luskin<\/td>\n<td>Geolog\u00eda<\/td>\n<td><a href=\"https:\/\/www.tdibrasil.com\/academia\/i-congreso-iberoamericano-2021\/ibero10\/\" target=\"_blank\" rel=\"noopener noreferrer\">F\u00f3siles hom\u00ednidos y dise\u00f1o inteligente<\/a><\/td>\n<\/tr>\n<tr class=\"linha1\">\n<td>Ricardo Bravo<\/td>\n<td>Biolog\u00eda<\/td>\n<td><a href=\"https:\/\/www.tdibrasil.com\/academia\/i-congreso-iberoamericano-2021\/ibero11\/\" target=\"_blank\" rel=\"noopener noreferrer\">El problema no resuelto del origen de las formas biol\u00f3gicas<\/a><\/td>\n<\/tr>\n<tr class=\"linha2\">\n<td>Saulo Reis<\/td>\n<td>Matem\u00e1tica<\/td>\n<td><a href=\"https:\/\/www.tdibrasil.com\/academia\/i-congreso-iberoamericano-2021\/ibero12\/\" target=\"_blank\" rel=\"noopener noreferrer\">La informaci\u00f3n como herramienta para las ciencias naturales<\/a><\/td>\n<\/tr>\n<\/tbody>\n<\/table>\n","protected":false},"excerpt":{"rendered":"<div class=\"mh-excerpt\"><p>Programaci\u00f3n de este evento: SABADO, 11\/SET\/2021 PALESTRANTE \u00c1REA T\u00cdTULO Felipe Aizp\u00fan Derecho La teor\u00eda del dise\u00f1o inteligente y el argumento del orden a trav\u00e9s de <a class=\"mh-excerpt-more\" href=\"https:\/\/www.tdibrasil.com\/academia\/eventos\/i-congreso-iberoamericano-2021\/\" title=\"I Congreso Iberoamericano de la TDI (2021)\">[&#8230;]<\/a><\/p>\n<\/div>","protected":false},"author":368,"featured_media":0,"parent":310,"menu_order":0,"comment_status":"closed","ping_status":"closed","template":"template-full.php","meta":[],"_links":{"self":[{"href":"https:\/\/www.tdibrasil.com\/academia\/wp-json\/wp\/v2\/pages\/191"}],"collection":[{"href":"https:\/\/www.tdibrasil.com\/academia\/wp-json\/wp\/v2\/pages"}],"about":[{"href":"https:\/\/www.tdibrasil.com\/academia\/wp-json\/wp\/v2\/types\/page"}],"author":[{"embeddable":true,"href":"https:\/\/www.tdibrasil.com\/academia\/wp-json\/wp\/v2\/users\/368"}],"replies":[{"embeddable":true,"href":"https:\/\/www.tdibrasil.com\/academia\/wp-json\/wp\/v2\/comments?post=191"}],"version-history":[{"count":33,"href":"https:\/\/www.tdibrasil.com\/academia\/wp-json\/wp\/v2\/pages\/191\/revisions"}],"predecessor-version":[{"id":1929,"href":"https:\/\/www.tdibrasil.com\/academia\/wp-json\/wp\/v2\/pages\/191\/revisions\/1929"}],"up":[{"embeddable":true,"href":"https:\/\/www.tdibrasil.com\/academia\/wp-json\/wp\/v2\/pages\/310"}],"wp:attachment":[{"href":"https:\/\/www.tdibrasil.com\/academia\/wp-json\/wp\/v2\/media?parent=191"}],"curies":[{"name":"wp","href":"https:\/\/api.w.org\/{rel}","templated":true}]}}